{"id":5379,"date":"2020-06-18T17:09:11","date_gmt":"2020-06-18T15:09:11","guid":{"rendered":"https:\/\/siewert-kau.info\/zotac\/?page_id=5379"},"modified":"2025-05-07T12:14:48","modified_gmt":"2025-05-07T10:14:48","slug":"startseite","status":"publish","type":"page","link":"https:\/\/siewert-kau.info\/zotac\/","title":{"rendered":"Startseite"},"content":{"rendered":"<p>[et_pb_section fb_built=&#8220;1&#8243; module_class=&#8220;custom-vid-setting&#8220; _builder_version=&#8220;4.19.5&#8243; _dynamic_attributes=&#8220;link_option_url&#8220; background_enable_color=&#8220;off&#8220; background_image=&#8220;https:\/\/siewert-kau.info\/zotac\/wp-content\/uploads\/2023\/01\/bg-footer-1.jpg&#8220; background_size=&#8220;contain&#8220; background_repeat=&#8220;repeat-y&#8220; background_enable_video_mp4=&#8220;off&#8220; background_enable_video_webm=&#8220;off&#8220; custom_margin=&#8220;0px|0px|0px|0px|true|true&#8220; custom_padding=&#8220;4vw|0px|4vw|0px|false|true&#8220; link_option_url=&#8220;@ET-DC@eyJkeW5hbWljIjp0cnVlLCJjb250ZW50IjoicG9zdF9saW5rX3VybF9wYWdlIiwic2V0dGluZ3MiOnsicG9zdF9pZCI6IjMzOTAifX0=@&#8220; global_colors_info=&#8220;{}&#8220;][et_pb_row use_custom_gutter=&#8220;on&#8220; _builder_version=&#8220;4.16&#8243; width=&#8220;100%&#8220; custom_padding=&#8220;|0px||0px|false|true&#8220; global_colors_info=&#8220;{}&#8220;][et_pb_column type=&#8220;4_4&#8243; _builder_version=&#8220;4.16&#8243; box_shadow_style=&#8220;preset1&#8243; global_colors_info=&#8220;{}&#8220;][et_pb_slider _builder_version=&#8220;4.23.1&#8243; background_color=&#8220;RGBA(255,255,255,0)&#8220; height=&#8220;285px&#8220; height_tablet=&#8220;&#8220; height_phone=&#8220;&#8220; height_last_edited=&#8220;on|desktop&#8220; custom_margin=&#8220;||||false|false&#8220; custom_padding=&#8220;||||false|false&#8220; auto=&#8220;on&#8220; auto_speed=&#8220;8000&#8243; box_shadow_style_image=&#8220;preset1&#8243; global_colors_info=&#8220;{}&#8220;][et_pb_slide button_link=&#8220;@ET-DC@eyJkeW5hbWljIjp0cnVlLCJjb250ZW50IjoicG9zdF9saW5rX3VybF9wYWdlIiwic2V0dGluZ3MiOnsicG9zdF9pZCI6IjgxMjIifX0=@&#8220; _builder_version=&#8220;4.20.4&#8243; _dynamic_attributes=&#8220;button_link,link_option_url&#8220; background_enable_color=&#8220;off&#8220; background_image=&#8220;https:\/\/siewert-kau.info\/zotac\/wp-content\/uploads\/2023\/04\/ZOTAC_GAMING_WARRANTY_Banner_2560x747_Preview.webp&#8220; background_enable_image=&#8220;on&#8220; custom_padding=&#8220;||||false|false&#8220; link_option_url=&#8220;@ET-DC@eyJkeW5hbWljIjp0cnVlLCJjb250ZW50IjoicG9zdF9saW5rX3VybF9wYWdlIiwic2V0dGluZ3MiOnsicG9zdF9pZCI6IjgxMjIifX0=@&#8220; global_colors_info=&#8220;{}&#8220; background__hover_enabled=&#8220;off|desktop&#8220; sticky_transition=&#8220;on&#8220;][\/et_pb_slide][et_pb_slide button_link=&#8220;@ET-DC@eyJkeW5hbWljIjp0cnVlLCJjb250ZW50IjoicG9zdF9saW5rX3VybF9wYWdlIiwic2V0dGluZ3MiOnsicG9zdF9pZCI6Ijc5MzUifX0=@&#8220; _builder_version=&#8220;4.23.1&#8243; _dynamic_attributes=&#8220;button_link,link_option_url&#8220; background_enable_color=&#8220;off&#8220; background_image=&#8220;https:\/\/siewert-kau.info\/zotac\/wp-content\/uploads\/2024\/10\/xxl-banner-startseite_2.jpg&#8220; background_enable_image=&#8220;on&#8220; custom_padding=&#8220;||||false|false&#8220; link_option_url=&#8220;@ET-DC@eyJkeW5hbWljIjp0cnVlLCJjb250ZW50IjoicG9zdF9saW5rX3VybF9wYWdlIiwic2V0dGluZ3MiOnsicG9zdF9pZCI6Ijc5MzUifX0=@&#8220; global_colors_info=&#8220;{}&#8220; background__hover_enabled=&#8220;off|desktop&#8220; sticky_transition=&#8220;on&#8220;][\/et_pb_slide][\/et_pb_slider][\/et_pb_column][\/et_pb_row][et_pb_row column_structure=&#8220;1_3,1_3,1_3&#8243; use_custom_gutter=&#8220;on&#8220; make_equal=&#8220;on&#8220; disabled_on=&#8220;off|off|off&#8220; _builder_version=&#8220;4.23.1&#8243; custom_margin=&#8220;||||false|false&#8220; custom_padding=&#8220;|0px||0px|false|true&#8220; global_colors_info=&#8220;{}&#8220;][et_pb_column type=&#8220;1_3&#8243; _builder_version=&#8220;4.16&#8243; global_colors_info=&#8220;{}&#8220;][et_pb_image src=&#8220;https:\/\/siewert-kau.info\/zotac\/wp-content\/uploads\/2024\/10\/Elemente_600x300_40-Super-Series.jpg&#8220; alt=&#8220;Zotac Gaming Geforce RTX 40 Serie&#8220; title_text=&#8220;Elemente_600x300_40-Super-Series&#8220; url=&#8220;@ET-DC@eyJkeW5hbWljIjp0cnVlLCJjb250ZW50IjoicG9zdF9saW5rX3VybF9wYWdlIiwic2V0dGluZ3MiOnsicG9zdF9pZCI6Ijc5MzUifX0=@&#8220; disabled_on=&#8220;off|off|off&#8220; _builder_version=&#8220;4.23.1&#8243; _dynamic_attributes=&#8220;url&#8220; _module_preset=&#8220;default&#8220; filter_saturate=&#8220;15%&#8220; global_colors_info=&#8220;{}&#8220; filter_saturate__hover_enabled=&#8220;on|desktop&#8220; filter_saturate__hover=&#8220;100%&#8220; src__hover_enabled=&#8220;on|desktop&#8220; src__hover=&#8220;https:\/\/siewert-kau.info\/zotac\/wp-content\/uploads\/2024\/10\/Elemente_600x300_40-Super-Series.jpg&#8220;][\/et_pb_image][\/et_pb_column][et_pb_column type=&#8220;1_3&#8243; _builder_version=&#8220;4.16&#8243; global_colors_info=&#8220;{}&#8220;][et_pb_image src=&#8220;https:\/\/siewert-kau.info\/zotac\/wp-content\/uploads\/2024\/11\/Start_Kachel_KickOff_RueckB.jpg&#8220; alt=&#8220;Zotac Gaming Geforce RTX 30 Serie&#8220; title_text=&#8220;Start_Kachel_KickOff_R\u00fcckB&#8220; url=&#8220;@ET-DC@eyJkeW5hbWljIjp0cnVlLCJjb250ZW50IjoicG9zdF9saW5rX3VybF9wYWdlIiwic2V0dGluZ3MiOnsicG9zdF9pZCI6IjgzMTkifX0=@&#8220; _builder_version=&#8220;4.23.1&#8243; _dynamic_attributes=&#8220;url&#8220; _module_preset=&#8220;default&#8220; filter_saturate=&#8220;15%&#8220; global_colors_info=&#8220;{}&#8220; filter_saturate__hover_enabled=&#8220;on|hover&#8220; filter_saturate__hover=&#8220;100%&#8220;][\/et_pb_image][\/et_pb_column][et_pb_column type=&#8220;1_3&#8243; _builder_version=&#8220;4.16&#8243; global_colors_info=&#8220;{}&#8220;][et_pb_image src=&#8220;https:\/\/siewert-kau.info\/zotac\/wp-content\/uploads\/2025\/03\/Mille-Miglia_Kacheln_600x300.jpg&#8220; alt=&#8220;Zotac Gaming Geforce RTX 30 Serie&#8220; title_text=&#8220;Mille-Miglia_Kacheln_600x300&#8243; url=&#8220;@ET-DC@eyJkeW5hbWljIjp0cnVlLCJjb250ZW50IjoicG9zdF9saW5rX3VybF9wYWdlIiwic2V0dGluZ3MiOnsicG9zdF9pZCI6Ijg2MzYifX0=@&#8220; _builder_version=&#8220;4.23.1&#8243; _dynamic_attributes=&#8220;url&#8220; _module_preset=&#8220;default&#8220; filter_saturate=&#8220;15%&#8220; hover_enabled=&#8220;0&#8243; global_colors_info=&#8220;{}&#8220; filter_saturate__hover_enabled=&#8220;on|hover&#8220; filter_saturate__hover=&#8220;100%&#8220; disabled_on=&#8220;on|on|on&#8220; disabled=&#8220;on&#8220; sticky_enabled=&#8220;0&#8243;][\/et_pb_image][\/et_pb_column][\/et_pb_row][et_pb_row column_structure=&#8220;1_3,1_3,1_3&#8243; use_custom_gutter=&#8220;on&#8220; make_equal=&#8220;on&#8220; _builder_version=&#8220;4.20.4&#8243; custom_margin=&#8220;||||false|false&#8220; custom_padding=&#8220;|0px||0px|false|true&#8220; global_colors_info=&#8220;{}&#8220;][et_pb_column type=&#8220;1_3&#8243; _builder_version=&#8220;4.16&#8243; global_colors_info=&#8220;{}&#8220;][\/et_pb_column][et_pb_column type=&#8220;1_3&#8243; _builder_version=&#8220;4.16&#8243; global_colors_info=&#8220;{}&#8220;][et_pb_image src=&#8220;https:\/\/siewert-kau.info\/zotac\/wp-content\/uploads\/2024\/03\/Start_Kachel_KickOff.jpg&#8220; alt=&#8220;Zotac Gaming Geforce RTX 30 Serie&#8220; title_text=&#8220;Start_Kachel_KickOff&#8220; url=&#8220;@ET-DC@eyJkeW5hbWljIjp0cnVlLCJjb250ZW50IjoicG9zdF9saW5rX3VybF9wYWdlIiwic2V0dGluZ3MiOnsicG9zdF9pZCI6IjgzMTkifX0=@&#8220; disabled_on=&#8220;on|on|on&#8220; _builder_version=&#8220;4.23.1&#8243; _dynamic_attributes=&#8220;url&#8220; _module_preset=&#8220;default&#8220; filter_saturate=&#8220;15%&#8220; disabled=&#8220;on&#8220; global_colors_info=&#8220;{}&#8220; filter_saturate__hover_enabled=&#8220;on|hover&#8220; filter_saturate__hover=&#8220;100%&#8220;][\/et_pb_image][\/et_pb_column][et_pb_column type=&#8220;1_3&#8243; _builder_version=&#8220;4.16&#8243; global_colors_info=&#8220;{}&#8220;][et_pb_image src=&#8220;https:\/\/siewert-kau.info\/zotac\/wp-content\/uploads\/2023\/04\/Startseite_40_Series.webp&#8220; alt=&#8220;Zotac Gaming Geforce RTX 40 Serie&#8220; title_text=&#8220;Startseite_40_Series&#8220; url=&#8220;@ET-DC@eyJkeW5hbWljIjp0cnVlLCJjb250ZW50IjoicG9zdF9saW5rX3VybF9wYWdlIiwic2V0dGluZ3MiOnsicG9zdF9pZCI6Ijc5MzUifX0=@&#8220; disabled_on=&#8220;on|on|on&#8220; _builder_version=&#8220;4.23.1&#8243; _dynamic_attributes=&#8220;url&#8220; _module_preset=&#8220;default&#8220; filter_saturate=&#8220;15%&#8220; disabled=&#8220;on&#8220; global_colors_info=&#8220;{}&#8220; filter_saturate__hover_enabled=&#8220;on|desktop&#8220; filter_saturate__hover=&#8220;100%&#8220;][\/et_pb_image][\/et_pb_column][\/et_pb_row][et_pb_row column_structure=&#8220;1_3,1_3,1_3&#8243; use_custom_gutter=&#8220;on&#8220; make_equal=&#8220;on&#8220; disabled_on=&#8220;on|on|on&#8220; _builder_version=&#8220;4.23.1&#8243; custom_margin=&#8220;||||false|false&#8220; custom_padding=&#8220;|0px||0px|false|true&#8220; disabled=&#8220;on&#8220; global_colors_info=&#8220;{}&#8220;][et_pb_column type=&#8220;1_3&#8243; _builder_version=&#8220;4.16&#8243; global_colors_info=&#8220;{}&#8220;][et_pb_image src=&#8220;https:\/\/siewert-kau.info\/zotac\/wp-content\/uploads\/2023\/04\/Startseite_ON-AIRO.webp&#8220; alt=&#8220;Zotac Gaming Geforce RTX 30 Serie&#8220; title_text=&#8220;Startseite_ON-AIRO&#8220; url=&#8220;@ET-DC@eyJkeW5hbWljIjp0cnVlLCJjb250ZW50IjoicG9zdF9saW5rX3VybF9wYWdlIiwic2V0dGluZ3MiOnsicG9zdF9pZCI6IjgxNjQifX0=@&#8220; _builder_version=&#8220;4.20.4&#8243; _dynamic_attributes=&#8220;url&#8220; _module_preset=&#8220;default&#8220; filter_saturate=&#8220;15%&#8220; global_colors_info=&#8220;{}&#8220; filter_saturate__hover_enabled=&#8220;on|hover&#8220; filter_saturate__hover=&#8220;100%&#8220;][\/et_pb_image][\/et_pb_column][et_pb_column type=&#8220;1_3&#8243; _builder_version=&#8220;4.16&#8243; global_colors_info=&#8220;{}&#8220;][et_pb_image src=&#8220;https:\/\/siewert-kau.info\/zotac\/wp-content\/uploads\/2023\/04\/Startseite_40_Series.webp&#8220; alt=&#8220;Zotac Gaming Geforce RTX 40 Serie&#8220; title_text=&#8220;Startseite_40_Series&#8220; url=&#8220;@ET-DC@eyJkeW5hbWljIjp0cnVlLCJjb250ZW50IjoicG9zdF9saW5rX3VybF9wYWdlIiwic2V0dGluZ3MiOnsicG9zdF9pZCI6Ijc5MzUifX0=@&#8220; _builder_version=&#8220;4.20.4&#8243; _dynamic_attributes=&#8220;url&#8220; _module_preset=&#8220;default&#8220; filter_saturate=&#8220;15%&#8220; global_colors_info=&#8220;{}&#8220; filter_saturate__hover_enabled=&#8220;on|desktop&#8220; filter_saturate__hover=&#8220;100%&#8220;][\/et_pb_image][\/et_pb_column][et_pb_column type=&#8220;1_3&#8243; _builder_version=&#8220;4.16&#8243; global_colors_info=&#8220;{}&#8220;][et_pb_image src=&#8220;https:\/\/siewert-kau.info\/zotac\/wp-content\/uploads\/2023\/04\/Startseite_30_Series.webp&#8220; alt=&#8220;Zotac Gaming Geforce RTX 30 Serie&#8220; title_text=&#8220;Startseite_30_Series&#8220; url=&#8220;@ET-DC@eyJkeW5hbWljIjp0cnVlLCJjb250ZW50IjoicG9zdF9saW5rX3VybF9wYWdlIiwic2V0dGluZ3MiOnsicG9zdF9pZCI6Ijc5NDkifX0=@&#8220; _builder_version=&#8220;4.20.4&#8243; _dynamic_attributes=&#8220;url&#8220; _module_preset=&#8220;default&#8220; filter_saturate=&#8220;15%&#8220; global_colors_info=&#8220;{}&#8220; filter_saturate__hover_enabled=&#8220;on|hover&#8220; filter_saturate__hover=&#8220;100%&#8220;][\/et_pb_image][\/et_pb_column][\/et_pb_row][et_pb_row _builder_version=&#8220;4.18.0&#8243; _module_preset=&#8220;default&#8220; background_color=&#8220;#ffffff&#8220; custom_margin=&#8220;2vw||||false|false&#8220; custom_padding=&#8220;20px|20px|20px|20px|false|false&#8220; global_colors_info=&#8220;{}&#8220;][et_pb_column type=&#8220;4_4&#8243; _builder_version=&#8220;4.18.0&#8243; _module_preset=&#8220;default&#8220; global_colors_info=&#8220;{}&#8220;][et_pb_text _builder_version=&#8220;4.19.5&#8243; _module_preset=&#8220;default&#8220; text_font=&#8220;FrutigerNextPro-RegularCn_0||||||||&#8220; text_line_height=&#8220;1.4em&#8220; global_colors_info=&#8220;{}&#8220;]<\/p>\n<h1>\u00dcber ZOTAC<\/h1>\n<p>Seit unserer Gr\u00fcndung im Jahr 2006, stellen wir hochwertige PC-Produkte, darunter Grafikkarten, branchenf\u00fchrende Mini-PCs und innovatives Zubeh\u00f6r auf globaler Ebene her. Unser Engagement f\u00fcr strenge Standards und das unerm\u00fcdliche Streben nach Spitzenqualit\u00e4t ist das Fundament unseres Erfolges, der zu preisgekr\u00f6nten Produkten und Design f\u00fchrt, die das kontinuierliche \u00dcberschreiten von Grenzen in Bezug auf Innovation und Qualit\u00e4t vorantreiben.<\/p>\n<p>[\/et_pb_text][\/et_pb_column][\/et_pb_row][\/et_pb_section]<\/p>\n","protected":false},"excerpt":{"rendered":"<p>\u00dcber ZOTAC Seit unserer Gr\u00fcndung im Jahr 2006, stellen wir hochwertige PC-Produkte, darunter Grafikkarten, branchenf\u00fchrende Mini-PCs und innovatives Zubeh\u00f6r auf globaler Ebene her. Unser Engagement f\u00fcr strenge Standards und das unerm\u00fcdliche Streben nach Spitzenqualit\u00e4t ist das Fundament unseres Erfolges, der zu preisgekr\u00f6nten Produkten und Design f\u00fchrt, die das kontinuierliche \u00dcberschreiten von Grenzen in Bezug auf [&hellip;]<\/p>\n","protected":false},"author":3,"featured_media":8616,"parent":0,"menu_order":1,"comment_status":"closed","ping_status":"closed","template":"","meta":{"_et_pb_use_builder":"on","_et_pb_old_content":"","_et_gb_content_width":"","footnotes":""},"class_list":["post-5379","page","type-page","status-publish","has-post-thumbnail","hentry"],"yoast_head":"<!-- This site is optimized with the Yoast SEO plugin v27.5 - https:\/\/yoast.com\/product\/yoast-seo-wordpress\/ -->\n<title>ZOTAC bei Siewert &amp; Kau<\/title>\n<meta name=\"description\" content=\"St\u00f6bern Sie bei Siewert &amp; Kau in der Welt von ZOTAC: Branchenf\u00fchrende Mini-PCs, Grafikkarten &amp; Zubeh\u00f6r - Qualit\u00e4t und Innovation seit 2006.\" \/>\n<meta name=\"robots\" content=\"index, follow, max-snippet:-1, max-image-preview:large, max-video-preview:-1\" \/>\n<link rel=\"canonical\" href=\"https:\/\/siewert-kau.info\/zotac\/\" \/>\n<meta property=\"og:locale\" content=\"de_DE\" \/>\n<meta property=\"og:type\" content=\"article\" \/>\n<meta property=\"og:title\" content=\"ZOTAC bei Siewert &amp; Kau\" \/>\n<meta property=\"og:description\" content=\"St\u00f6bern Sie bei Siewert &amp; Kau in der Welt von ZOTAC: Branchenf\u00fchrende Mini-PCs, Grafikkarten &amp; Zubeh\u00f6r - Qualit\u00e4t und Innovation seit 2006.\" \/>\n<meta property=\"og:url\" content=\"https:\/\/siewert-kau.info\/zotac\/\" \/>\n<meta property=\"og:site_name\" content=\"ZOTAC\" \/>\n<meta property=\"article:modified_time\" content=\"2025-05-07T10:14:48+00:00\" \/>\n<meta property=\"og:image\" content=\"https:\/\/siewert-kau.info\/zotac\/wp-content\/uploads\/2024\/10\/xxl-banner-startseite_2.jpg\" \/>\n\t<meta property=\"og:image:width\" content=\"960\" \/>\n\t<meta property=\"og:image:height\" content=\"285\" \/>\n\t<meta property=\"og:image:type\" content=\"image\/jpeg\" \/>\n<meta name=\"twitter:card\" content=\"summary_large_image\" \/>\n<meta name=\"twitter:label1\" content=\"Gesch\u00e4tzte Lesezeit\" \/>\n\t<meta name=\"twitter:data1\" content=\"2\u00a0Minuten\" \/>\n<script type=\"application\/ld+json\" class=\"yoast-schema-graph\">{\"@context\":\"https:\\\/\\\/schema.org\",\"@graph\":[{\"@type\":\"WebPage\",\"@id\":\"https:\\\/\\\/siewert-kau.info\\\/zotac\\\/\",\"url\":\"https:\\\/\\\/siewert-kau.info\\\/zotac\\\/\",\"name\":\"ZOTAC bei Siewert & Kau\",\"isPartOf\":{\"@id\":\"https:\\\/\\\/siewert-kau.info\\\/zotac\\\/#website\"},\"primaryImageOfPage\":{\"@id\":\"https:\\\/\\\/siewert-kau.info\\\/zotac\\\/#primaryimage\"},\"image\":{\"@id\":\"https:\\\/\\\/siewert-kau.info\\\/zotac\\\/#primaryimage\"},\"thumbnailUrl\":\"https:\\\/\\\/siewert-kau.info\\\/zotac\\\/wp-content\\\/uploads\\\/2024\\\/10\\\/xxl-banner-startseite_2.jpg\",\"datePublished\":\"2020-06-18T15:09:11+00:00\",\"dateModified\":\"2025-05-07T10:14:48+00:00\",\"description\":\"St\u00f6bern Sie bei Siewert & Kau in der Welt von ZOTAC: Branchenf\u00fchrende Mini-PCs, Grafikkarten & Zubeh\u00f6r - Qualit\u00e4t und Innovation seit 2006.\",\"breadcrumb\":{\"@id\":\"https:\\\/\\\/siewert-kau.info\\\/zotac\\\/#breadcrumb\"},\"inLanguage\":\"de\",\"potentialAction\":[{\"@type\":\"ReadAction\",\"target\":[\"https:\\\/\\\/siewert-kau.info\\\/zotac\\\/\"]}]},{\"@type\":\"ImageObject\",\"inLanguage\":\"de\",\"@id\":\"https:\\\/\\\/siewert-kau.info\\\/zotac\\\/#primaryimage\",\"url\":\"https:\\\/\\\/siewert-kau.info\\\/zotac\\\/wp-content\\\/uploads\\\/2024\\\/10\\\/xxl-banner-startseite_2.jpg\",\"contentUrl\":\"https:\\\/\\\/siewert-kau.info\\\/zotac\\\/wp-content\\\/uploads\\\/2024\\\/10\\\/xxl-banner-startseite_2.jpg\",\"width\":960,\"height\":285},{\"@type\":\"BreadcrumbList\",\"@id\":\"https:\\\/\\\/siewert-kau.info\\\/zotac\\\/#breadcrumb\",\"itemListElement\":[{\"@type\":\"ListItem\",\"position\":1,\"name\":\"Startseite\",\"item\":\"https:\\\/\\\/siewert-kau.info\\\/zotac\\\/\"},{\"@type\":\"ListItem\",\"position\":2,\"name\":\"Startseite\"}]},{\"@type\":\"WebSite\",\"@id\":\"https:\\\/\\\/siewert-kau.info\\\/zotac\\\/#website\",\"url\":\"https:\\\/\\\/siewert-kau.info\\\/zotac\\\/\",\"name\":\"ZOTAC\",\"description\":\"bei Siewert &amp; Kau\",\"potentialAction\":[{\"@type\":\"SearchAction\",\"target\":{\"@type\":\"EntryPoint\",\"urlTemplate\":\"https:\\\/\\\/siewert-kau.info\\\/zotac\\\/?s={search_term_string}\"},\"query-input\":{\"@type\":\"PropertyValueSpecification\",\"valueRequired\":true,\"valueName\":\"search_term_string\"}}],\"inLanguage\":\"de\"}]}<\/script>\n<!-- \/ Yoast SEO plugin. -->","yoast_head_json":{"title":"ZOTAC bei Siewert & Kau","description":"St\u00f6bern Sie bei Siewert & Kau in der Welt von ZOTAC: Branchenf\u00fchrende Mini-PCs, Grafikkarten & Zubeh\u00f6r - Qualit\u00e4t und Innovation seit 2006.","robots":{"index":"index","follow":"follow","max-snippet":"max-snippet:-1","max-image-preview":"max-image-preview:large","max-video-preview":"max-video-preview:-1"},"canonical":"https:\/\/siewert-kau.info\/zotac\/","og_locale":"de_DE","og_type":"article","og_title":"ZOTAC bei Siewert & Kau","og_description":"St\u00f6bern Sie bei Siewert & Kau in der Welt von ZOTAC: Branchenf\u00fchrende Mini-PCs, Grafikkarten & Zubeh\u00f6r - Qualit\u00e4t und Innovation seit 2006.","og_url":"https:\/\/siewert-kau.info\/zotac\/","og_site_name":"ZOTAC","article_modified_time":"2025-05-07T10:14:48+00:00","og_image":[{"width":960,"height":285,"url":"https:\/\/siewert-kau.info\/zotac\/wp-content\/uploads\/2024\/10\/xxl-banner-startseite_2.jpg","type":"image\/jpeg"}],"twitter_card":"summary_large_image","twitter_misc":{"Gesch\u00e4tzte Lesezeit":"2\u00a0Minuten"},"schema":{"@context":"https:\/\/schema.org","@graph":[{"@type":"WebPage","@id":"https:\/\/siewert-kau.info\/zotac\/","url":"https:\/\/siewert-kau.info\/zotac\/","name":"ZOTAC bei Siewert & Kau","isPartOf":{"@id":"https:\/\/siewert-kau.info\/zotac\/#website"},"primaryImageOfPage":{"@id":"https:\/\/siewert-kau.info\/zotac\/#primaryimage"},"image":{"@id":"https:\/\/siewert-kau.info\/zotac\/#primaryimage"},"thumbnailUrl":"https:\/\/siewert-kau.info\/zotac\/wp-content\/uploads\/2024\/10\/xxl-banner-startseite_2.jpg","datePublished":"2020-06-18T15:09:11+00:00","dateModified":"2025-05-07T10:14:48+00:00","description":"St\u00f6bern Sie bei Siewert & Kau in der Welt von ZOTAC: Branchenf\u00fchrende Mini-PCs, Grafikkarten & Zubeh\u00f6r - Qualit\u00e4t und Innovation seit 2006.","breadcrumb":{"@id":"https:\/\/siewert-kau.info\/zotac\/#breadcrumb"},"inLanguage":"de","potentialAction":[{"@type":"ReadAction","target":["https:\/\/siewert-kau.info\/zotac\/"]}]},{"@type":"ImageObject","inLanguage":"de","@id":"https:\/\/siewert-kau.info\/zotac\/#primaryimage","url":"https:\/\/siewert-kau.info\/zotac\/wp-content\/uploads\/2024\/10\/xxl-banner-startseite_2.jpg","contentUrl":"https:\/\/siewert-kau.info\/zotac\/wp-content\/uploads\/2024\/10\/xxl-banner-startseite_2.jpg","width":960,"height":285},{"@type":"BreadcrumbList","@id":"https:\/\/siewert-kau.info\/zotac\/#breadcrumb","itemListElement":[{"@type":"ListItem","position":1,"name":"Startseite","item":"https:\/\/siewert-kau.info\/zotac\/"},{"@type":"ListItem","position":2,"name":"Startseite"}]},{"@type":"WebSite","@id":"https:\/\/siewert-kau.info\/zotac\/#website","url":"https:\/\/siewert-kau.info\/zotac\/","name":"ZOTAC","description":"bei Siewert &amp; Kau","potentialAction":[{"@type":"SearchAction","target":{"@type":"EntryPoint","urlTemplate":"https:\/\/siewert-kau.info\/zotac\/?s={search_term_string}"},"query-input":{"@type":"PropertyValueSpecification","valueRequired":true,"valueName":"search_term_string"}}],"inLanguage":"de"}]}},"_links":{"self":[{"href":"https:\/\/siewert-kau.info\/zotac\/wp-json\/wp\/v2\/pages\/5379","targetHints":{"allow":["GET"]}}],"collection":[{"href":"https:\/\/siewert-kau.info\/zotac\/wp-json\/wp\/v2\/pages"}],"about":[{"href":"https:\/\/siewert-kau.info\/zotac\/wp-json\/wp\/v2\/types\/page"}],"author":[{"embeddable":true,"href":"https:\/\/siewert-kau.info\/zotac\/wp-json\/wp\/v2\/users\/3"}],"replies":[{"embeddable":true,"href":"https:\/\/siewert-kau.info\/zotac\/wp-json\/wp\/v2\/comments?post=5379"}],"version-history":[{"count":132,"href":"https:\/\/siewert-kau.info\/zotac\/wp-json\/wp\/v2\/pages\/5379\/revisions"}],"predecessor-version":[{"id":8777,"href":"https:\/\/siewert-kau.info\/zotac\/wp-json\/wp\/v2\/pages\/5379\/revisions\/8777"}],"wp:featuredmedia":[{"embeddable":true,"href":"https:\/\/siewert-kau.info\/zotac\/wp-json\/wp\/v2\/media\/8616"}],"wp:attachment":[{"href":"https:\/\/siewert-kau.info\/zotac\/wp-json\/wp\/v2\/media?parent=5379"}],"curies":[{"name":"wp","href":"https:\/\/api.w.org\/{rel}","templated":true}]}}